{"id":175,"date":"2023-03-16T18:16:02","date_gmt":"2023-03-16T17:16:02","guid":{"rendered":"http:\/\/apirent06.com\/?page_id=175"},"modified":"2023-04-27T11:30:35","modified_gmt":"2023-04-27T09:30:35","slug":"services","status":"publish","type":"page","link":"https:\/\/apirent06.com\/index.php\/services\/","title":{"rendered":"Services"},"content":{"rendered":"\t\t<div data-elementor-type=\"wp-page\" data-elementor-id=\"175\" class=\"elementor elementor-175\">\n\t\t\t\t\t\t\t\t\t<section class=\"elementor-section elementor-top-section elementor-element elementor-element-10321da elementor-section-boxed elementor-section-height-default elementor-section-height-default\" data-id=\"10321da\" data-element_type=\"section\">\n\t\t\t\t\t\t<div class=\"elementor-container elementor-column-gap-default\">\n\t\t\t\t\t<div class=\"elementor-column elementor-col-100 elementor-top-column elementor-element elementor-element-d920c62\" data-id=\"d920c62\" data-element_type=\"column\">\n\t\t\t<div class=\"elementor-widget-wrap elementor-element-populated\">\n\t\t\t\t\t\t\t\t<div class=\"elementor-element elementor-element-a1bad6c elementor-widget elementor-widget-heading\" data-id=\"a1bad6c\" data-element_type=\"widget\" data-widget_type=\"heading.default\">\n\t\t\t\t<div class=\"elementor-widget-container\">\n\t\t\t<style>\/*! elementor - v3.15.0 - 20-08-2023 *\/\n.elementor-heading-title{padding:0;margin:0;line-height:1}.elementor-widget-heading .elementor-heading-title[class*=elementor-size-]>a{color:inherit;font-size:inherit;line-height:inherit}.elementor-widget-heading .elementor-heading-title.elementor-size-small{font-size:15px}.elementor-widget-heading .elementor-heading-title.elementor-size-medium{font-size:19px}.elementor-widget-heading .elementor-heading-title.elementor-size-large{font-size:29px}.elementor-widget-heading .elementor-heading-title.elementor-size-xl{font-size:39px}.elementor-widget-heading .elementor-heading-title.elementor-size-xxl{font-size:59px}<\/style><h1 class=\"elementor-heading-title elementor-size-default\">Nous accompagnons les voyageurs 24h\/7<\/h1>\t\t<\/div>\n\t\t\t\t<\/div>\n\t\t\t\t<div class=\"elementor-element elementor-element-25e1157 elementor-widget elementor-widget-image\" data-id=\"25e1157\" data-element_type=\"widget\" data-widget_type=\"image.default\">\n\t\t\t\t<div class=\"elementor-widget-container\">\n\t\t\t<style>\/*! elementor - v3.15.0 - 20-08-2023 *\/\n.elementor-widget-image{text-align:center}.elementor-widget-image a{display:inline-block}.elementor-widget-image a img[src$=\".svg\"]{width:48px}.elementor-widget-image img{vertical-align:middle;display:inline-block}<\/style>\t\t\t\t\t\t\t\t\t\t\t\t<img loading=\"lazy\" decoding=\"async\" width=\"768\" height=\"512\" src=\"https:\/\/apirent06.com\/wp-content\/uploads\/2023\/03\/convertkit-5SWgIJSsVJo-unsplash-768x512.jpg\" class=\"attachment-medium_large size-medium_large wp-image-214\" alt=\"api rent conciergerie\" srcset=\"https:\/\/apirent06.com\/wp-content\/uploads\/2023\/03\/convertkit-5SWgIJSsVJo-unsplash-768x512.jpg 768w, https:\/\/apirent06.com\/wp-content\/uploads\/2023\/03\/convertkit-5SWgIJSsVJo-unsplash-300x200.jpg 300w, https:\/\/apirent06.com\/wp-content\/uploads\/2023\/03\/convertkit-5SWgIJSsVJo-unsplash-1024x683.jpg 1024w, https:\/\/apirent06.com\/wp-content\/uploads\/2023\/03\/convertkit-5SWgIJSsVJo-unsplash-1536x1024.jpg 1536w, https:\/\/apirent06.com\/wp-content\/uploads\/2023\/03\/convertkit-5SWgIJSsVJo-unsplash-2048x1365.jpg 2048w\" sizes=\"auto, (max-width: 768px) 100vw, 768px\" \/>\t\t\t\t\t\t\t\t\t\t\t\t\t\t\t<\/div>\n\t\t\t\t<\/div>\n\t\t\t\t<div class=\"elementor-element elementor-element-0ab3ac5 elementor-widget elementor-widget-heading\" data-id=\"0ab3ac5\" data-element_type=\"widget\" data-widget_type=\"heading.default\">\n\t\t\t\t<div class=\"elementor-widget-container\">\n\t\t\t<h1 class=\"elementor-heading-title elementor-size-default\">Aux petits soins de votre logement<\/h1>\t\t<\/div>\n\t\t\t\t<\/div>\n\t\t\t\t<div class=\"elementor-element elementor-element-08e42a1 elementor-widget elementor-widget-text-editor\" data-id=\"08e42a1\" data-element_type=\"widget\" data-widget_type=\"text-editor.default\">\n\t\t\t\t<div class=\"elementor-widget-container\">\n\t\t\t<style>\/*! elementor - v3.15.0 - 20-08-2023 *\/\n.elementor-widget-text-editor.elementor-drop-cap-view-stacked .elementor-drop-cap{background-color:#69727d;color:#fff}.elementor-widget-text-editor.elementor-drop-cap-view-framed .elementor-drop-cap{color:#69727d;border:3px solid;background-color:transparent}.elementor-widget-text-editor:not(.elementor-drop-cap-view-default) .elementor-drop-cap{margin-top:8px}.elementor-widget-text-editor:not(.elementor-drop-cap-view-default) .elementor-drop-cap-letter{width:1em;height:1em}.elementor-widget-text-editor .elementor-drop-cap{float:left;text-align:center;line-height:1;font-size:50px}.elementor-widget-text-editor .elementor-drop-cap-letter{display:inline-block}<\/style>\t\t\t\t<p><span style=\"text-decoration: underline;\"><strong>Vous nous confiez votre logement et nous savons que c&#8217;est une marque de confiance.<\/strong><\/span><\/p><p><span style=\"text-decoration: underline;\"><strong>Nous nous occupons de votre bien comme si c&#8217;\u00e9tait le notre !<\/strong><\/span><\/p>\t\t\t\t\t\t<\/div>\n\t\t\t\t<\/div>\n\t\t\t\t<div class=\"elementor-element elementor-element-1fe8acb elementor-widget elementor-widget-text-editor\" data-id=\"1fe8acb\" data-element_type=\"widget\" data-widget_type=\"text-editor.default\">\n\t\t\t\t<div class=\"elementor-widget-container\">\n\t\t\t\t\t\t\t<p>Nous ne vous apprenons rien en vous disant que nous avons la chance\u00a0 sur Cannes d&#8217;\u00eatre dans le deuxi\u00e8me ville de France la plus rentable en terme de location saisonni\u00e8res.<\/p><p>API RENT est l\u00e0 pour prendre en charge tous les accot\u00e9s que peuvent engendrer la gestion d&#8217;une location saisonni\u00e8re, je vous explique,<\/p><ul><li><strong>La gestion du planning<\/strong> (le prix du march\u00e9 est diff\u00e9rent selon les p\u00e9riodes et les congr\u00e8s, nous savons nous positionner au prix juste pour assurer un taux de remplissage de 90% sur une ann\u00e9e)<\/li><li><strong>Shooting photo<\/strong> de votre appartement offert<\/li><li><strong>La prise en charge<\/strong> rapide de tout types de d\u00e9pannages<\/li><li><strong>La relation avec les loueurs<\/strong> (nous nous occupons de toute la prise en charge des vacanciers et congressistes avant, pendant et apr\u00e8s leur s\u00e9jour)<\/li><li><strong>Point s\u00e9curit\u00e9<\/strong> sur chaque potentiel loueurs avec la v\u00e9rification d&#8217;identit\u00e9, et 0 risque de loyers impay\u00e9s puisque le loueurs paye 100% de la r\u00e9servation avant son arriv\u00e9<\/li><li><strong>La mise en place et l&#8217;entretien avant et apr\u00e8s chaque s\u00e9jour<\/strong> ( nous proposons a chaque nouvel arrivant dans votre appartements ou villa un pack de bienvenue contenant une bouteille de vin, du caf\u00e9, du th\u00e9 est des friandises permettant aux voyageurs de se sentier comme chez eux) sans oublier tout les produits d&#8217;hygi\u00e8ne du quotidien mis a disposition par nos soins.<\/li><li><strong>La remise en \u00e9tat<\/strong> de votre bien est faite a la fin de chaque s\u00e9jour, ainsi qu&#8217;un service de blanchisserie permettant l&#8217;entretien de votre linge de maison.<\/li><li><strong>Nous travaillons toujours en total transparence<\/strong> avec nos propri\u00e9taires, gr\u00e2ce a la fonctionnalit\u00e9 <strong>co-h\u00f4te<\/strong>, ce qui veut dire que vous avez quand vous le souhaitez acc\u00e8s au compte permettant de voir les locations de votre bien, c&#8217;est pour nous un \u00e9l\u00e9ment indispensable pour le bon d\u00e9roul\u00e9 de notre partenariat. De plus cette fonction permet, pour vous propri\u00e9taire de percevoir directement les loyers en int\u00e9gralit\u00e9 sur chaque s\u00e9jour.<\/li><\/ul><p>Nous offrons encore <strong>beaucoup de services personnalis\u00e9<\/strong> aux propri\u00e9taires qui ont d\u00e9cid\u00e9 de nous faire confiance.\u00a0<\/p><p>Pour tout savoir, et avoir une \u00e9tude personnalis\u00e9 de votre bien n&#8217;h\u00e9sitez pas a renseigner vos coordonn\u00e9e sur la page d&#8217;accueil, et un membre de l&#8217;\u00e9quipe prendra contact avec vous dans les plus rapides d\u00e9lais.<\/p>\t\t\t\t\t\t<\/div>\n\t\t\t\t<\/div>\n\t\t\t\t<div class=\"elementor-element elementor-element-871ab6d elementor-widget elementor-widget-text-editor\" data-id=\"871ab6d\" data-element_type=\"widget\" data-widget_type=\"text-editor.default\">\n\t\t\t\t<div class=\"elementor-widget-container\">\n\t\t\t\t\t\t\t\t\t\t\t\t\t<\/div>\n\t\t\t\t<\/div>\n\t\t\t\t\t<\/div>\n\t\t<\/div>\n\t\t\t\t\t\t\t<\/div>\n\t\t<\/section>\n\t\t\t\t<section class=\"elementor-section elementor-top-section elementor-element elementor-element-289715c elementor-section-boxed elementor-section-height-default elementor-section-height-default\" data-id=\"289715c\" data-element_type=\"section\">\n\t\t\t\t\t\t<div class=\"elementor-container elementor-column-gap-no\">\n\t\t\t\t\t<div class=\"elementor-column elementor-col-100 elementor-top-column elementor-element elementor-element-5386679\" data-id=\"5386679\" data-element_type=\"column\">\n\t\t\t<div class=\"elementor-widget-wrap elementor-element-populated\">\n\t\t\t\t\t\t\t\t<div class=\"elementor-element elementor-element-7eb200c elementor-widget elementor-widget-image\" data-id=\"7eb200c\" data-element_type=\"widget\" data-widget_type=\"image.default\">\n\t\t\t\t<div class=\"elementor-widget-container\">\n\t\t\t\t\t\t\t\t\t\t\t\t\t\t\t<img loading=\"lazy\" decoding=\"async\" width=\"768\" height=\"1160\" src=\"https:\/\/apirent06.com\/wp-content\/uploads\/2023\/03\/marissa-grootes-TVllFyGaLEA-unsplash-768x1160.jpg\" class=\"attachment-medium_large size-medium_large wp-image-225\" alt=\"API RENT CONCIERGERIE\" srcset=\"https:\/\/apirent06.com\/wp-content\/uploads\/2023\/03\/marissa-grootes-TVllFyGaLEA-unsplash-768x1160.jpg 768w, https:\/\/apirent06.com\/wp-content\/uploads\/2023\/03\/marissa-grootes-TVllFyGaLEA-unsplash-199x300.jpg 199w, https:\/\/apirent06.com\/wp-content\/uploads\/2023\/03\/marissa-grootes-TVllFyGaLEA-unsplash-678x1024.jpg 678w, https:\/\/apirent06.com\/wp-content\/uploads\/2023\/03\/marissa-grootes-TVllFyGaLEA-unsplash-1017x1536.jpg 1017w, https:\/\/apirent06.com\/wp-content\/uploads\/2023\/03\/marissa-grootes-TVllFyGaLEA-unsplash-1356x2048.jpg 1356w, https:\/\/apirent06.com\/wp-content\/uploads\/2023\/03\/marissa-grootes-TVllFyGaLEA-unsplash.jpg 1632w\" sizes=\"auto, (max-width: 768px) 100vw, 768px\" \/>\t\t\t\t\t\t\t\t\t\t\t\t\t\t\t<\/div>\n\t\t\t\t<\/div>\n\t\t\t\t\t<\/div>\n\t\t<\/div>\n\t\t\t\t\t\t\t<\/div>\n\t\t<\/section>\n\t\t\t\t\t\t\t<\/div>\n\t\t","protected":false},"excerpt":{"rendered":"<p>Nous accompagnons les voyageurs 24h\/7 Aux petits soins de votre logement Vous nous confiez votre logement et nous savons que c&#8217;est une marque de confiance. Nous nous occupons de votre &#8230;<\/p>\n","protected":false},"author":1,"featured_media":0,"parent":0,"menu_order":0,"comment_status":"closed","ping_status":"closed","template":"template-fullwidth.php","meta":{"footnotes":""},"class_list":["post-175","page","type-page","status-publish","hentry"],"yoast_head":"<!-- This site is optimized with the Yoast SEO plugin v21.0 - https:\/\/yoast.com\/wordpress\/plugins\/seo\/ -->\n<title>API RENT Conciergerie 06 Services<\/title>\n<meta name=\"description\" content=\"Api Rent Conciergerie C\u00f4te d&#039;Azur gestion de la communication services de maintenance services nettoyage professionnels\" \/>\n<meta name=\"robots\" content=\"index, follow, max-snippet:-1, max-image-preview:large, max-video-preview:-1\" \/>\n<link rel=\"canonical\" href=\"https:\/\/apirent06.com\/index.php\/services\/\" \/>\n<meta property=\"og:locale\" content=\"en_US\" \/>\n<meta property=\"og:type\" content=\"article\" \/>\n<meta property=\"og:title\" content=\"API RENT Conciergerie 06 Services\" \/>\n<meta property=\"og:description\" content=\"Api Rent Conciergerie C\u00f4te d&#039;Azur gestion de la communication services de maintenance services nettoyage professionnels\" \/>\n<meta property=\"og:url\" content=\"https:\/\/apirent06.com\/index.php\/services\/\" \/>\n<meta property=\"og:site_name\" content=\"API RENT\" \/>\n<meta property=\"article:modified_time\" content=\"2023-04-27T09:30:35+00:00\" \/>\n<meta property=\"og:image\" content=\"http:\/\/apirent06.com\/wp-content\/uploads\/2023\/03\/convertkit-5SWgIJSsVJo-unsplash-768x512.jpg\" \/>\n<meta name=\"twitter:card\" content=\"summary_large_image\" \/>\n<meta name=\"twitter:label1\" content=\"Est. reading time\" \/>\n\t<meta name=\"twitter:data1\" content=\"3 minutes\" \/>\n<script type=\"application\/ld+json\" class=\"yoast-schema-graph\">{\"@context\":\"https:\/\/schema.org\",\"@graph\":[{\"@type\":\"WebPage\",\"@id\":\"https:\/\/apirent06.com\/index.php\/services\/\",\"url\":\"https:\/\/apirent06.com\/index.php\/services\/\",\"name\":\"API RENT Conciergerie 06 Services\",\"isPartOf\":{\"@id\":\"http:\/\/apirent06.com\/#website\"},\"datePublished\":\"2023-03-16T17:16:02+00:00\",\"dateModified\":\"2023-04-27T09:30:35+00:00\",\"description\":\"Api Rent Conciergerie C\u00f4te d'Azur gestion de la communication services de maintenance services nettoyage professionnels\",\"breadcrumb\":{\"@id\":\"https:\/\/apirent06.com\/index.php\/services\/#breadcrumb\"},\"inLanguage\":\"en-US\",\"potentialAction\":[{\"@type\":\"ReadAction\",\"target\":[\"https:\/\/apirent06.com\/index.php\/services\/\"]}]},{\"@type\":\"BreadcrumbList\",\"@id\":\"https:\/\/apirent06.com\/index.php\/services\/#breadcrumb\",\"itemListElement\":[{\"@type\":\"ListItem\",\"position\":1,\"name\":\"Accueil\",\"item\":\"http:\/\/apirent06.com\/\"},{\"@type\":\"ListItem\",\"position\":2,\"name\":\"Services\"}]},{\"@type\":\"WebSite\",\"@id\":\"http:\/\/apirent06.com\/#website\",\"url\":\"http:\/\/apirent06.com\/\",\"name\":\"API RENT\",\"description\":\"API RENT Conciergerie C\u00f4te d&#039;Azur\",\"publisher\":{\"@id\":\"http:\/\/apirent06.com\/#organization\"},\"alternateName\":\"API RENT\",\"potentialAction\":[{\"@type\":\"SearchAction\",\"target\":{\"@type\":\"EntryPoint\",\"urlTemplate\":\"http:\/\/apirent06.com\/?s={search_term_string}\"},\"query-input\":\"required name=search_term_string\"}],\"inLanguage\":\"en-US\"},{\"@type\":\"Organization\",\"@id\":\"http:\/\/apirent06.com\/#organization\",\"name\":\"API RENT Conciergerie\",\"alternateName\":\"API RENT\",\"url\":\"http:\/\/apirent06.com\/\",\"logo\":{\"@type\":\"ImageObject\",\"inLanguage\":\"en-US\",\"@id\":\"http:\/\/apirent06.com\/#\/schema\/logo\/image\/\",\"url\":\"http:\/\/apirent06.com\/wp-content\/uploads\/2023\/03\/logo-400x400-1.png\",\"contentUrl\":\"http:\/\/apirent06.com\/wp-content\/uploads\/2023\/03\/logo-400x400-1.png\",\"width\":400,\"height\":400,\"caption\":\"API RENT Conciergerie\"},\"image\":{\"@id\":\"http:\/\/apirent06.com\/#\/schema\/logo\/image\/\"}}]}<\/script>\n<!-- \/ Yoast SEO plugin. -->","yoast_head_json":{"title":"API RENT Conciergerie 06 Services","description":"Api Rent Conciergerie C\u00f4te d'Azur gestion de la communication services de maintenance services nettoyage professionnels","robots":{"index":"index","follow":"follow","max-snippet":"max-snippet:-1","max-image-preview":"max-image-preview:large","max-video-preview":"max-video-preview:-1"},"canonical":"https:\/\/apirent06.com\/index.php\/services\/","og_locale":"en_US","og_type":"article","og_title":"API RENT Conciergerie 06 Services","og_description":"Api Rent Conciergerie C\u00f4te d'Azur gestion de la communication services de maintenance services nettoyage professionnels","og_url":"https:\/\/apirent06.com\/index.php\/services\/","og_site_name":"API RENT","article_modified_time":"2023-04-27T09:30:35+00:00","og_image":[{"url":"http:\/\/apirent06.com\/wp-content\/uploads\/2023\/03\/convertkit-5SWgIJSsVJo-unsplash-768x512.jpg"}],"twitter_card":"summary_large_image","twitter_misc":{"Est. reading time":"3 minutes"},"schema":{"@context":"https:\/\/schema.org","@graph":[{"@type":"WebPage","@id":"https:\/\/apirent06.com\/index.php\/services\/","url":"https:\/\/apirent06.com\/index.php\/services\/","name":"API RENT Conciergerie 06 Services","isPartOf":{"@id":"http:\/\/apirent06.com\/#website"},"datePublished":"2023-03-16T17:16:02+00:00","dateModified":"2023-04-27T09:30:35+00:00","description":"Api Rent Conciergerie C\u00f4te d'Azur gestion de la communication services de maintenance services nettoyage professionnels","breadcrumb":{"@id":"https:\/\/apirent06.com\/index.php\/services\/#breadcrumb"},"inLanguage":"en-US","potentialAction":[{"@type":"ReadAction","target":["https:\/\/apirent06.com\/index.php\/services\/"]}]},{"@type":"BreadcrumbList","@id":"https:\/\/apirent06.com\/index.php\/services\/#breadcrumb","itemListElement":[{"@type":"ListItem","position":1,"name":"Accueil","item":"http:\/\/apirent06.com\/"},{"@type":"ListItem","position":2,"name":"Services"}]},{"@type":"WebSite","@id":"http:\/\/apirent06.com\/#website","url":"http:\/\/apirent06.com\/","name":"API RENT","description":"API RENT Conciergerie C\u00f4te d&#039;Azur","publisher":{"@id":"http:\/\/apirent06.com\/#organization"},"alternateName":"API RENT","potentialAction":[{"@type":"SearchAction","target":{"@type":"EntryPoint","urlTemplate":"http:\/\/apirent06.com\/?s={search_term_string}"},"query-input":"required name=search_term_string"}],"inLanguage":"en-US"},{"@type":"Organization","@id":"http:\/\/apirent06.com\/#organization","name":"API RENT Conciergerie","alternateName":"API RENT","url":"http:\/\/apirent06.com\/","logo":{"@type":"ImageObject","inLanguage":"en-US","@id":"http:\/\/apirent06.com\/#\/schema\/logo\/image\/","url":"http:\/\/apirent06.com\/wp-content\/uploads\/2023\/03\/logo-400x400-1.png","contentUrl":"http:\/\/apirent06.com\/wp-content\/uploads\/2023\/03\/logo-400x400-1.png","width":400,"height":400,"caption":"API RENT Conciergerie"},"image":{"@id":"http:\/\/apirent06.com\/#\/schema\/logo\/image\/"}}]}},"_links":{"self":[{"href":"https:\/\/apirent06.com\/index.php\/wp-json\/wp\/v2\/pages\/175","targetHints":{"allow":["GET"]}}],"collection":[{"href":"https:\/\/apirent06.com\/index.php\/wp-json\/wp\/v2\/pages"}],"about":[{"href":"https:\/\/apirent06.com\/index.php\/wp-json\/wp\/v2\/types\/page"}],"author":[{"embeddable":true,"href":"https:\/\/apirent06.com\/index.php\/wp-json\/wp\/v2\/users\/1"}],"replies":[{"embeddable":true,"href":"https:\/\/apirent06.com\/index.php\/wp-json\/wp\/v2\/comments?post=175"}],"version-history":[{"count":46,"href":"https:\/\/apirent06.com\/index.php\/wp-json\/wp\/v2\/pages\/175\/revisions"}],"predecessor-version":[{"id":424,"href":"https:\/\/apirent06.com\/index.php\/wp-json\/wp\/v2\/pages\/175\/revisions\/424"}],"wp:attachment":[{"href":"https:\/\/apirent06.com\/index.php\/wp-json\/wp\/v2\/media?parent=175"}],"curies":[{"name":"wp","href":"https:\/\/api.w.org\/{rel}","templated":true}]}}