{"id":39,"date":"2023-03-16T15:55:42","date_gmt":"2023-03-16T14:55:42","guid":{"rendered":"http:\/\/apirent06.com\/?page_id=39"},"modified":"2023-04-27T11:25:45","modified_gmt":"2023-04-27T09:25:45","slug":"a-propos-de-api-rent","status":"publish","type":"page","link":"https:\/\/apirent06.com\/index.php\/a-propos-de-api-rent\/","title":{"rendered":"A propos de API RENT"},"content":{"rendered":"\t\t<div data-elementor-type=\"wp-page\" data-elementor-id=\"39\" class=\"elementor elementor-39\">\n\t\t\t\t\t\t\t\t\t<section class=\"elementor-section elementor-top-section elementor-element elementor-element-d8c92b4 elementor-section-boxed elementor-section-height-default elementor-section-height-default\" data-id=\"d8c92b4\" data-element_type=\"section\">\n\t\t\t\t\t\t<div class=\"elementor-container elementor-column-gap-default\">\n\t\t\t\t\t<div class=\"elementor-column elementor-col-100 elementor-top-column elementor-element elementor-element-30b33d64\" data-id=\"30b33d64\" data-element_type=\"column\">\n\t\t\t<div class=\"elementor-widget-wrap elementor-element-populated\">\n\t\t\t\t\t\t\t\t<div class=\"elementor-element elementor-element-76b96ddc elementor-widget elementor-widget-text-editor\" data-id=\"76b96ddc\" data-element_type=\"widget\" data-widget_type=\"text-editor.default\">\n\t\t\t\t<div class=\"elementor-widget-container\">\n\t\t\t<style>\/*! elementor - v3.15.0 - 20-08-2023 *\/\n.elementor-widget-text-editor.elementor-drop-cap-view-stacked .elementor-drop-cap{background-color:#69727d;color:#fff}.elementor-widget-text-editor.elementor-drop-cap-view-framed .elementor-drop-cap{color:#69727d;border:3px solid;background-color:transparent}.elementor-widget-text-editor:not(.elementor-drop-cap-view-default) .elementor-drop-cap{margin-top:8px}.elementor-widget-text-editor:not(.elementor-drop-cap-view-default) .elementor-drop-cap-letter{width:1em;height:1em}.elementor-widget-text-editor .elementor-drop-cap{float:left;text-align:center;line-height:1;font-size:50px}.elementor-widget-text-editor .elementor-drop-cap-letter{display:inline-block}<\/style>\t\t\t\t<!-- wp:image {\"align\":\"center\",\"id\":40,\"width\":514,\"height\":343,\"sizeSlug\":\"large\",\"linkDestination\":\"none\"} -->\n<figure class=\"wp-block-image aligncenter size-large is-resized\"><span style=\"text-decoration: underline;\"><img loading=\"lazy\" decoding=\"async\" class=\"wp-image-40\" src=\"http:\/\/apirent06.com\/wp-content\/uploads\/2023\/03\/jeshoots-com-LtNvQHdKkmw-unsplash-1024x683.jpg\" alt=\"\" width=\"514\" height=\"343\" srcset=\"https:\/\/apirent06.com\/wp-content\/uploads\/2023\/03\/jeshoots-com-LtNvQHdKkmw-unsplash-1024x683.jpg 1024w, https:\/\/apirent06.com\/wp-content\/uploads\/2023\/03\/jeshoots-com-LtNvQHdKkmw-unsplash-300x200.jpg 300w, https:\/\/apirent06.com\/wp-content\/uploads\/2023\/03\/jeshoots-com-LtNvQHdKkmw-unsplash-768x512.jpg 768w, https:\/\/apirent06.com\/wp-content\/uploads\/2023\/03\/jeshoots-com-LtNvQHdKkmw-unsplash-1536x1024.jpg 1536w, https:\/\/apirent06.com\/wp-content\/uploads\/2023\/03\/jeshoots-com-LtNvQHdKkmw-unsplash-2048x1365.jpg 2048w\" sizes=\"auto, (max-width: 514px) 100vw, 514px\" \/><\/span><\/figure>\n<p><span style=\"text-decoration: underline;\"><!-- \/wp:image --><!-- wp:heading --><\/span><\/p>\n<h2>\u00a0<\/h2>\n<h2><span style=\"text-decoration: underline;\"><strong>API RENT LA CONCIERGERIE DES PROPRIETAIRES HEUREUX<\/strong><\/span><\/h2>\n<p>\u00a0<\/p>\n<p>Bonjour je suis Axel Piatkowski, g\u00e9rant de la conciergerie API RENT 06.<\/p>\n<p>Avec cinq ann\u00e9es d&#8217;exp\u00e9rience dans la gestion de vos biens immobiliers pour de la <strong>location saisonni\u00e8re<\/strong>, j&#8217;ai acquis une solide expertise en la mati\u00e8re.<\/p>\n<p>Je suis passionn\u00e9 par mon travail et je suis fier de collaborer au cot\u00e9s de<strong> propri\u00e9taires heureux<\/strong> et de faire louer leur appartements a des<\/p>\n<p>congressistes \/ vacanciers, ainsi que de faire d\u00e9couvrir notre magnifique r\u00e9gion.<\/p>\n<p>En tant que g\u00e9rant, mon r\u00f4le consiste \u00e0 veiller \u00e0 ce que chaque propri\u00e9taires<\/p>\n<p>re\u00e7oive <strong>un service personnalis\u00e9<\/strong> pour la gestion de leurs appartements et villas.\u00a0<\/p>\n<p>\u00a0<\/p>\n<p>Chez API RENT, <strong>une conciergerie familiale<\/strong>, nous sommes attach\u00e9 a nos engagements concernant la qualit\u00e9, la fiabilit\u00e9, <strong>la communication<\/strong> et l&#8217;attention personnelle pour chacun,<\/p>\n<p>et nous sommes fiers de notre r\u00e9putation en mati\u00e8re de service.<\/p>\n<p>Nous croyons que<strong> chaque client m\u00e9rite le meilleur service<\/strong> possible et nous nous<\/p>\n<p>engageons \u00e0 fournir des solutions cr\u00e9atives et innovantes pour r\u00e9pondre aux besoins\u00a0<\/p>\n<p>uniques de nos clients.<\/p>\n<p>N&#8217;h\u00e9sitez pas a faire<strong> estimer votre bien<\/strong> d\u00e8s maintenant via la page d&#8217;accueil pour en savoir plus sur nos services de conciergerie<\/p>\n<p>sur la C\u00f4te d&#8217;Azur et d\u00e9couvrir comment notre \u00e9quipe peut vous aider .\u00a0<\/p>\n<p>\u00a0<\/p>\n<!-- \/wp:heading --><!-- wp:paragraph -->\n<p>\u00a0<\/p>\n<!-- \/wp:paragraph -->\t\t\t\t\t\t<\/div>\n\t\t\t\t<\/div>\n\t\t\t\t\t<\/div>\n\t\t<\/div>\n\t\t\t\t\t\t\t<\/div>\n\t\t<\/section>\n\t\t\t\t\t\t\t<\/div>\n\t\t","protected":false},"excerpt":{"rendered":"<p>\u00a0 API RENT LA CONCIERGERIE DES PROPRIETAIRES HEUREUX \u00a0 Bonjour je suis Axel Piatkowski, g\u00e9rant de la conciergerie API RENT 06. Avec cinq ann\u00e9es d&#8217;exp\u00e9rience dans la gestion de vos &#8230;<\/p>\n","protected":false},"author":1,"featured_media":0,"parent":0,"menu_order":0,"comment_status":"closed","ping_status":"closed","template":"template-fullwidth.php","meta":{"footnotes":""},"class_list":["post-39","page","type-page","status-publish","hentry"],"yoast_head":"<!-- This site is optimized with the Yoast SEO plugin v21.0 - https:\/\/yoast.com\/wordpress\/plugins\/seo\/ -->\n<title>API RENT Conciergerie 06 A propos de API RENT<\/title>\n<meta name=\"description\" content=\"Api Rent Conciergerie C\u00f4te d&#039;Azur Gestion Services Rentabilit\u00e9 La conciergerie des Propri\u00e9taires Heureux;)\" \/>\n<meta name=\"robots\" content=\"index, follow, max-snippet:-1, max-image-preview:large, max-video-preview:-1\" \/>\n<link rel=\"canonical\" href=\"https:\/\/apirent06.com\/index.php\/a-propos-de-api-rent\/\" \/>\n<meta property=\"og:locale\" content=\"en_US\" \/>\n<meta property=\"og:type\" content=\"article\" \/>\n<meta property=\"og:title\" content=\"API RENT Conciergerie 06 A propos de API RENT\" \/>\n<meta property=\"og:description\" content=\"Api Rent Conciergerie C\u00f4te d&#039;Azur Gestion Services Rentabilit\u00e9 La conciergerie des Propri\u00e9taires Heureux;)\" \/>\n<meta property=\"og:url\" content=\"https:\/\/apirent06.com\/index.php\/a-propos-de-api-rent\/\" \/>\n<meta property=\"og:site_name\" content=\"API RENT\" \/>\n<meta property=\"article:modified_time\" content=\"2023-04-27T09:25:45+00:00\" \/>\n<meta property=\"og:image\" content=\"http:\/\/apirent06.com\/wp-content\/uploads\/2023\/03\/jeshoots-com-LtNvQHdKkmw-unsplash-1024x683.jpg\" \/>\n<meta name=\"twitter:card\" content=\"summary_large_image\" \/>\n<meta name=\"twitter:label1\" content=\"Est. reading time\" \/>\n\t<meta name=\"twitter:data1\" content=\"2 minutes\" \/>\n<script type=\"application\/ld+json\" class=\"yoast-schema-graph\">{\"@context\":\"https:\/\/schema.org\",\"@graph\":[{\"@type\":\"WebPage\",\"@id\":\"https:\/\/apirent06.com\/index.php\/a-propos-de-api-rent\/\",\"url\":\"https:\/\/apirent06.com\/index.php\/a-propos-de-api-rent\/\",\"name\":\"API RENT Conciergerie 06 A propos de API RENT\",\"isPartOf\":{\"@id\":\"http:\/\/apirent06.com\/#website\"},\"datePublished\":\"2023-03-16T14:55:42+00:00\",\"dateModified\":\"2023-04-27T09:25:45+00:00\",\"description\":\"Api Rent Conciergerie C\u00f4te d'Azur Gestion Services Rentabilit\u00e9 La conciergerie des Propri\u00e9taires Heureux;)\",\"breadcrumb\":{\"@id\":\"https:\/\/apirent06.com\/index.php\/a-propos-de-api-rent\/#breadcrumb\"},\"inLanguage\":\"en-US\",\"potentialAction\":[{\"@type\":\"ReadAction\",\"target\":[\"https:\/\/apirent06.com\/index.php\/a-propos-de-api-rent\/\"]}]},{\"@type\":\"BreadcrumbList\",\"@id\":\"https:\/\/apirent06.com\/index.php\/a-propos-de-api-rent\/#breadcrumb\",\"itemListElement\":[{\"@type\":\"ListItem\",\"position\":1,\"name\":\"Accueil\",\"item\":\"http:\/\/apirent06.com\/\"},{\"@type\":\"ListItem\",\"position\":2,\"name\":\"A propos de API RENT\"}]},{\"@type\":\"WebSite\",\"@id\":\"http:\/\/apirent06.com\/#website\",\"url\":\"http:\/\/apirent06.com\/\",\"name\":\"API RENT\",\"description\":\"API RENT Conciergerie C\u00f4te d&#039;Azur\",\"publisher\":{\"@id\":\"http:\/\/apirent06.com\/#organization\"},\"alternateName\":\"API RENT\",\"potentialAction\":[{\"@type\":\"SearchAction\",\"target\":{\"@type\":\"EntryPoint\",\"urlTemplate\":\"http:\/\/apirent06.com\/?s={search_term_string}\"},\"query-input\":\"required name=search_term_string\"}],\"inLanguage\":\"en-US\"},{\"@type\":\"Organization\",\"@id\":\"http:\/\/apirent06.com\/#organization\",\"name\":\"API RENT Conciergerie\",\"alternateName\":\"API RENT\",\"url\":\"http:\/\/apirent06.com\/\",\"logo\":{\"@type\":\"ImageObject\",\"inLanguage\":\"en-US\",\"@id\":\"http:\/\/apirent06.com\/#\/schema\/logo\/image\/\",\"url\":\"http:\/\/apirent06.com\/wp-content\/uploads\/2023\/03\/logo-400x400-1.png\",\"contentUrl\":\"http:\/\/apirent06.com\/wp-content\/uploads\/2023\/03\/logo-400x400-1.png\",\"width\":400,\"height\":400,\"caption\":\"API RENT Conciergerie\"},\"image\":{\"@id\":\"http:\/\/apirent06.com\/#\/schema\/logo\/image\/\"}}]}<\/script>\n<!-- \/ Yoast SEO plugin. -->","yoast_head_json":{"title":"API RENT Conciergerie 06 A propos de API RENT","description":"Api Rent Conciergerie C\u00f4te d'Azur Gestion Services Rentabilit\u00e9 La conciergerie des Propri\u00e9taires Heureux;)","robots":{"index":"index","follow":"follow","max-snippet":"max-snippet:-1","max-image-preview":"max-image-preview:large","max-video-preview":"max-video-preview:-1"},"canonical":"https:\/\/apirent06.com\/index.php\/a-propos-de-api-rent\/","og_locale":"en_US","og_type":"article","og_title":"API RENT Conciergerie 06 A propos de API RENT","og_description":"Api Rent Conciergerie C\u00f4te d'Azur Gestion Services Rentabilit\u00e9 La conciergerie des Propri\u00e9taires Heureux;)","og_url":"https:\/\/apirent06.com\/index.php\/a-propos-de-api-rent\/","og_site_name":"API RENT","article_modified_time":"2023-04-27T09:25:45+00:00","og_image":[{"url":"http:\/\/apirent06.com\/wp-content\/uploads\/2023\/03\/jeshoots-com-LtNvQHdKkmw-unsplash-1024x683.jpg"}],"twitter_card":"summary_large_image","twitter_misc":{"Est. reading time":"2 minutes"},"schema":{"@context":"https:\/\/schema.org","@graph":[{"@type":"WebPage","@id":"https:\/\/apirent06.com\/index.php\/a-propos-de-api-rent\/","url":"https:\/\/apirent06.com\/index.php\/a-propos-de-api-rent\/","name":"API RENT Conciergerie 06 A propos de API RENT","isPartOf":{"@id":"http:\/\/apirent06.com\/#website"},"datePublished":"2023-03-16T14:55:42+00:00","dateModified":"2023-04-27T09:25:45+00:00","description":"Api Rent Conciergerie C\u00f4te d'Azur Gestion Services Rentabilit\u00e9 La conciergerie des Propri\u00e9taires Heureux;)","breadcrumb":{"@id":"https:\/\/apirent06.com\/index.php\/a-propos-de-api-rent\/#breadcrumb"},"inLanguage":"en-US","potentialAction":[{"@type":"ReadAction","target":["https:\/\/apirent06.com\/index.php\/a-propos-de-api-rent\/"]}]},{"@type":"BreadcrumbList","@id":"https:\/\/apirent06.com\/index.php\/a-propos-de-api-rent\/#breadcrumb","itemListElement":[{"@type":"ListItem","position":1,"name":"Accueil","item":"http:\/\/apirent06.com\/"},{"@type":"ListItem","position":2,"name":"A propos de API RENT"}]},{"@type":"WebSite","@id":"http:\/\/apirent06.com\/#website","url":"http:\/\/apirent06.com\/","name":"API RENT","description":"API RENT Conciergerie C\u00f4te d&#039;Azur","publisher":{"@id":"http:\/\/apirent06.com\/#organization"},"alternateName":"API RENT","potentialAction":[{"@type":"SearchAction","target":{"@type":"EntryPoint","urlTemplate":"http:\/\/apirent06.com\/?s={search_term_string}"},"query-input":"required name=search_term_string"}],"inLanguage":"en-US"},{"@type":"Organization","@id":"http:\/\/apirent06.com\/#organization","name":"API RENT Conciergerie","alternateName":"API RENT","url":"http:\/\/apirent06.com\/","logo":{"@type":"ImageObject","inLanguage":"en-US","@id":"http:\/\/apirent06.com\/#\/schema\/logo\/image\/","url":"http:\/\/apirent06.com\/wp-content\/uploads\/2023\/03\/logo-400x400-1.png","contentUrl":"http:\/\/apirent06.com\/wp-content\/uploads\/2023\/03\/logo-400x400-1.png","width":400,"height":400,"caption":"API RENT Conciergerie"},"image":{"@id":"http:\/\/apirent06.com\/#\/schema\/logo\/image\/"}}]}},"_links":{"self":[{"href":"https:\/\/apirent06.com\/index.php\/wp-json\/wp\/v2\/pages\/39","targetHints":{"allow":["GET"]}}],"collection":[{"href":"https:\/\/apirent06.com\/index.php\/wp-json\/wp\/v2\/pages"}],"about":[{"href":"https:\/\/apirent06.com\/index.php\/wp-json\/wp\/v2\/types\/page"}],"author":[{"embeddable":true,"href":"https:\/\/apirent06.com\/index.php\/wp-json\/wp\/v2\/users\/1"}],"replies":[{"embeddable":true,"href":"https:\/\/apirent06.com\/index.php\/wp-json\/wp\/v2\/comments?post=39"}],"version-history":[{"count":16,"href":"https:\/\/apirent06.com\/index.php\/wp-json\/wp\/v2\/pages\/39\/revisions"}],"predecessor-version":[{"id":441,"href":"https:\/\/apirent06.com\/index.php\/wp-json\/wp\/v2\/pages\/39\/revisions\/441"}],"wp:attachment":[{"href":"https:\/\/apirent06.com\/index.php\/wp-json\/wp\/v2\/media?parent=39"}],"curies":[{"name":"wp","href":"https:\/\/api.w.org\/{rel}","templated":true}]}}