{"id":425,"date":"2023-04-27T11:32:28","date_gmt":"2023-04-27T09:32:28","guid":{"rendered":"http:\/\/apirent06.com\/?page_id=425"},"modified":"2023-04-27T11:42:00","modified_gmt":"2023-04-27T09:42:00","slug":"contact","status":"publish","type":"page","link":"https:\/\/apirent06.com\/index.php\/contact\/","title":{"rendered":"Contact"},"content":{"rendered":"\t\t<div data-elementor-type=\"wp-page\" data-elementor-id=\"425\" class=\"elementor elementor-425\">\n\t\t\t\t\t\t\t\t\t<section class=\"elementor-section elementor-top-section elementor-element elementor-element-3ce4794 elementor-section-boxed elementor-section-height-default elementor-section-height-default\" data-id=\"3ce4794\" data-element_type=\"section\">\n\t\t\t\t\t\t<div class=\"elementor-container elementor-column-gap-default\">\n\t\t\t\t\t<div class=\"elementor-column elementor-col-100 elementor-top-column elementor-element elementor-element-1dc434b\" data-id=\"1dc434b\" data-element_type=\"column\">\n\t\t\t<div class=\"elementor-widget-wrap elementor-element-populated\">\n\t\t\t\t\t\t\t\t<div class=\"elementor-element elementor-element-2a24712 elementor-widget elementor-widget-shortcode\" data-id=\"2a24712\" data-element_type=\"widget\" data-widget_type=\"shortcode.default\">\n\t\t\t\t<div class=\"elementor-widget-container\">\n\t\t\t\t\t<div class=\"elementor-shortcode\"><div class=\"wpforms-container wpforms-container-full\" id=\"wpforms-428\"><form id=\"wpforms-form-428\" class=\"wpforms-validate wpforms-form wpforms-ajax-form\" data-formid=\"428\" method=\"post\" enctype=\"multipart\/form-data\" action=\"\/index.php\/wp-json\/wp\/v2\/pages\/425\" data-token=\"20db038cb8cd7af375218bdc516a4cb1\"><noscript class=\"wpforms-error-noscript\">Please enable JavaScript in your browser to complete this form.<\/noscript><div class=\"wpforms-field-container\"><div id=\"wpforms-428-field_0-container\" class=\"wpforms-field wpforms-field-name\" data-field-id=\"0\"><label class=\"wpforms-field-label\" for=\"wpforms-428-field_0\">Nom Pr\u00e9nom <span class=\"wpforms-required-label\">*<\/span><\/label><input type=\"text\" id=\"wpforms-428-field_0\" class=\"wpforms-field-medium wpforms-field-required\" name=\"wpforms[fields][0]\" required><\/div><div id=\"wpforms-428-field_3-container\" class=\"wpforms-field wpforms-field-text\" data-field-id=\"3\"><label class=\"wpforms-field-label\" for=\"wpforms-428-field_3\">Telephone<\/label><input type=\"text\" id=\"wpforms-428-field_3\" class=\"wpforms-field-medium\" name=\"wpforms[fields][3]\" ><\/div><div id=\"wpforms-428-field_1-container\" class=\"wpforms-field wpforms-field-email\" data-field-id=\"1\"><label class=\"wpforms-field-label\" for=\"wpforms-428-field_1\">E-mail <span class=\"wpforms-required-label\">*<\/span><\/label><input type=\"email\" id=\"wpforms-428-field_1\" class=\"wpforms-field-medium wpforms-field-required\" name=\"wpforms[fields][1]\" spellcheck=\"false\" required><\/div><div id=\"wpforms-428-field_2-container\" class=\"wpforms-field wpforms-field-textarea\" data-field-id=\"2\"><label class=\"wpforms-field-label\" for=\"wpforms-428-field_2\">Commentaire ou message<\/label><textarea id=\"wpforms-428-field_2\" class=\"wpforms-field-medium\" name=\"wpforms[fields][2]\" ><\/textarea><\/div><\/div><!-- .wpforms-field-container --><div class=\"wpforms-submit-container\" ><input type=\"hidden\" name=\"wpforms[id]\" value=\"428\"><input type=\"hidden\" name=\"wpforms[author]\" value=\"1\"><button type=\"submit\" name=\"wpforms[submit]\" id=\"wpforms-submit-428\" class=\"wpforms-submit\" data-alt-text=\"Envoi...\" data-submit-text=\"Envoyer\" aria-live=\"assertive\" value=\"wpforms-submit\">Envoyer<\/button><img loading=\"lazy\" decoding=\"async\" src=\"https:\/\/apirent06.com\/wp-content\/plugins\/wpforms-lite\/assets\/images\/submit-spin.svg\" class=\"wpforms-submit-spinner\" style=\"display: none;\" width=\"26\" height=\"26\" alt=\"Loading\"><\/div><\/form><\/div>  <!-- .wpforms-container --><\/div>\n\t\t\t\t<\/div>\n\t\t\t\t<\/div>\n\t\t\t\t\t<\/div>\n\t\t<\/div>\n\t\t\t\t\t\t\t<\/div>\n\t\t<\/section>\n\t\t\t\t\t\t\t<\/div>\n\t\t","protected":false},"excerpt":{"rendered":"","protected":false},"author":1,"featured_media":0,"parent":0,"menu_order":0,"comment_status":"closed","ping_status":"closed","template":"","meta":{"footnotes":""},"class_list":["post-425","page","type-page","status-publish","hentry"],"yoast_head":"<!-- This site is optimized with the Yoast SEO plugin v21.0 - https:\/\/yoast.com\/wordpress\/plugins\/seo\/ -->\n<title>API RENT Conciergerie06 Contact<\/title>\n<meta name=\"description\" content=\"Api Rent Conciergerie C\u00f4te d&#039;Azur Gestion Services Rentabilit\u00e9 La Conciergerie des propri\u00e9taires Heureux;)\" \/>\n<meta name=\"robots\" content=\"index, follow, max-snippet:-1, max-image-preview:large, max-video-preview:-1\" \/>\n<link rel=\"canonical\" href=\"https:\/\/apirent06.com\/index.php\/contact\/\" \/>\n<meta property=\"og:locale\" content=\"en_US\" \/>\n<meta property=\"og:type\" content=\"article\" \/>\n<meta property=\"og:title\" content=\"API RENT Conciergerie06 Contact\" \/>\n<meta property=\"og:description\" content=\"Api Rent Conciergerie C\u00f4te d&#039;Azur Gestion Services Rentabilit\u00e9 La Conciergerie des propri\u00e9taires Heureux;)\" \/>\n<meta property=\"og:url\" content=\"https:\/\/apirent06.com\/index.php\/contact\/\" \/>\n<meta property=\"og:site_name\" content=\"API RENT\" \/>\n<meta property=\"article:modified_time\" content=\"2023-04-27T09:42:00+00:00\" \/>\n<meta property=\"og:image\" content=\"https:\/\/apirent06.com\/wp-content\/uploads\/2023\/03\/logo-300x300-1.png\" \/>\n\t<meta property=\"og:image:width\" content=\"300\" \/>\n\t<meta property=\"og:image:height\" content=\"300\" \/>\n\t<meta property=\"og:image:type\" content=\"image\/png\" \/>\n<meta name=\"twitter:card\" content=\"summary_large_image\" \/>\n<meta name=\"twitter:label1\" content=\"Est. reading time\" \/>\n\t<meta name=\"twitter:data1\" content=\"1 minute\" \/>\n<script type=\"application\/ld+json\" class=\"yoast-schema-graph\">{\"@context\":\"https:\/\/schema.org\",\"@graph\":[{\"@type\":\"WebPage\",\"@id\":\"https:\/\/apirent06.com\/index.php\/contact\/\",\"url\":\"https:\/\/apirent06.com\/index.php\/contact\/\",\"name\":\"API RENT Conciergerie06 Contact\",\"isPartOf\":{\"@id\":\"http:\/\/apirent06.com\/#website\"},\"datePublished\":\"2023-04-27T09:32:28+00:00\",\"dateModified\":\"2023-04-27T09:42:00+00:00\",\"description\":\"Api Rent Conciergerie C\u00f4te d'Azur Gestion Services Rentabilit\u00e9 La Conciergerie des propri\u00e9taires Heureux;)\",\"breadcrumb\":{\"@id\":\"https:\/\/apirent06.com\/index.php\/contact\/#breadcrumb\"},\"inLanguage\":\"en-US\",\"potentialAction\":[{\"@type\":\"ReadAction\",\"target\":[\"https:\/\/apirent06.com\/index.php\/contact\/\"]}]},{\"@type\":\"BreadcrumbList\",\"@id\":\"https:\/\/apirent06.com\/index.php\/contact\/#breadcrumb\",\"itemListElement\":[{\"@type\":\"ListItem\",\"position\":1,\"name\":\"Accueil\",\"item\":\"http:\/\/apirent06.com\/\"},{\"@type\":\"ListItem\",\"position\":2,\"name\":\"Contact\"}]},{\"@type\":\"WebSite\",\"@id\":\"http:\/\/apirent06.com\/#website\",\"url\":\"http:\/\/apirent06.com\/\",\"name\":\"API RENT\",\"description\":\"API RENT Conciergerie C\u00f4te d&#039;Azur\",\"publisher\":{\"@id\":\"http:\/\/apirent06.com\/#organization\"},\"alternateName\":\"API RENT\",\"potentialAction\":[{\"@type\":\"SearchAction\",\"target\":{\"@type\":\"EntryPoint\",\"urlTemplate\":\"http:\/\/apirent06.com\/?s={search_term_string}\"},\"query-input\":\"required name=search_term_string\"}],\"inLanguage\":\"en-US\"},{\"@type\":\"Organization\",\"@id\":\"http:\/\/apirent06.com\/#organization\",\"name\":\"API RENT Conciergerie\",\"alternateName\":\"API RENT\",\"url\":\"http:\/\/apirent06.com\/\",\"logo\":{\"@type\":\"ImageObject\",\"inLanguage\":\"en-US\",\"@id\":\"http:\/\/apirent06.com\/#\/schema\/logo\/image\/\",\"url\":\"http:\/\/apirent06.com\/wp-content\/uploads\/2023\/03\/logo-400x400-1.png\",\"contentUrl\":\"http:\/\/apirent06.com\/wp-content\/uploads\/2023\/03\/logo-400x400-1.png\",\"width\":400,\"height\":400,\"caption\":\"API RENT Conciergerie\"},\"image\":{\"@id\":\"http:\/\/apirent06.com\/#\/schema\/logo\/image\/\"}}]}<\/script>\n<!-- \/ Yoast SEO plugin. -->","yoast_head_json":{"title":"API RENT Conciergerie06 Contact","description":"Api Rent Conciergerie C\u00f4te d'Azur Gestion Services Rentabilit\u00e9 La Conciergerie des propri\u00e9taires Heureux;)","robots":{"index":"index","follow":"follow","max-snippet":"max-snippet:-1","max-image-preview":"max-image-preview:large","max-video-preview":"max-video-preview:-1"},"canonical":"https:\/\/apirent06.com\/index.php\/contact\/","og_locale":"en_US","og_type":"article","og_title":"API RENT Conciergerie06 Contact","og_description":"Api Rent Conciergerie C\u00f4te d'Azur Gestion Services Rentabilit\u00e9 La Conciergerie des propri\u00e9taires Heureux;)","og_url":"https:\/\/apirent06.com\/index.php\/contact\/","og_site_name":"API RENT","article_modified_time":"2023-04-27T09:42:00+00:00","og_image":[{"width":300,"height":300,"url":"https:\/\/apirent06.com\/wp-content\/uploads\/2023\/03\/logo-300x300-1.png","type":"image\/png"}],"twitter_card":"summary_large_image","twitter_misc":{"Est. reading time":"1 minute"},"schema":{"@context":"https:\/\/schema.org","@graph":[{"@type":"WebPage","@id":"https:\/\/apirent06.com\/index.php\/contact\/","url":"https:\/\/apirent06.com\/index.php\/contact\/","name":"API RENT Conciergerie06 Contact","isPartOf":{"@id":"http:\/\/apirent06.com\/#website"},"datePublished":"2023-04-27T09:32:28+00:00","dateModified":"2023-04-27T09:42:00+00:00","description":"Api Rent Conciergerie C\u00f4te d'Azur Gestion Services Rentabilit\u00e9 La Conciergerie des propri\u00e9taires Heureux;)","breadcrumb":{"@id":"https:\/\/apirent06.com\/index.php\/contact\/#breadcrumb"},"inLanguage":"en-US","potentialAction":[{"@type":"ReadAction","target":["https:\/\/apirent06.com\/index.php\/contact\/"]}]},{"@type":"BreadcrumbList","@id":"https:\/\/apirent06.com\/index.php\/contact\/#breadcrumb","itemListElement":[{"@type":"ListItem","position":1,"name":"Accueil","item":"http:\/\/apirent06.com\/"},{"@type":"ListItem","position":2,"name":"Contact"}]},{"@type":"WebSite","@id":"http:\/\/apirent06.com\/#website","url":"http:\/\/apirent06.com\/","name":"API RENT","description":"API RENT Conciergerie C\u00f4te d&#039;Azur","publisher":{"@id":"http:\/\/apirent06.com\/#organization"},"alternateName":"API RENT","potentialAction":[{"@type":"SearchAction","target":{"@type":"EntryPoint","urlTemplate":"http:\/\/apirent06.com\/?s={search_term_string}"},"query-input":"required name=search_term_string"}],"inLanguage":"en-US"},{"@type":"Organization","@id":"http:\/\/apirent06.com\/#organization","name":"API RENT Conciergerie","alternateName":"API RENT","url":"http:\/\/apirent06.com\/","logo":{"@type":"ImageObject","inLanguage":"en-US","@id":"http:\/\/apirent06.com\/#\/schema\/logo\/image\/","url":"http:\/\/apirent06.com\/wp-content\/uploads\/2023\/03\/logo-400x400-1.png","contentUrl":"http:\/\/apirent06.com\/wp-content\/uploads\/2023\/03\/logo-400x400-1.png","width":400,"height":400,"caption":"API RENT Conciergerie"},"image":{"@id":"http:\/\/apirent06.com\/#\/schema\/logo\/image\/"}}]}},"_links":{"self":[{"href":"https:\/\/apirent06.com\/index.php\/wp-json\/wp\/v2\/pages\/425","targetHints":{"allow":["GET"]}}],"collection":[{"href":"https:\/\/apirent06.com\/index.php\/wp-json\/wp\/v2\/pages"}],"about":[{"href":"https:\/\/apirent06.com\/index.php\/wp-json\/wp\/v2\/types\/page"}],"author":[{"embeddable":true,"href":"https:\/\/apirent06.com\/index.php\/wp-json\/wp\/v2\/users\/1"}],"replies":[{"embeddable":true,"href":"https:\/\/apirent06.com\/index.php\/wp-json\/wp\/v2\/comments?post=425"}],"version-history":[{"count":4,"href":"https:\/\/apirent06.com\/index.php\/wp-json\/wp\/v2\/pages\/425\/revisions"}],"predecessor-version":[{"id":433,"href":"https:\/\/apirent06.com\/index.php\/wp-json\/wp\/v2\/pages\/425\/revisions\/433"}],"wp:attachment":[{"href":"https:\/\/apirent06.com\/index.php\/wp-json\/wp\/v2\/media?parent=425"}],"curies":[{"name":"wp","href":"https:\/\/api.w.org\/{rel}","templated":true}]}}